{"id":1729,"date":"2025-04-17T19:03:18","date_gmt":"2025-04-17T19:03:18","guid":{"rendered":"https:\/\/financovanie-sudneho-sporu.sk\/domovska-stranka\/"},"modified":"2026-04-24T08:55:52","modified_gmt":"2026-04-24T08:55:52","slug":"domovska-stranka","status":"publish","type":"page","link":"https:\/\/financovanie-sudneho-sporu.sk\/en\/","title":{"rendered":"Homepage"},"content":{"rendered":"","protected":false},"excerpt":{"rendered":"","protected":false},"author":1,"featured_media":1727,"parent":0,"menu_order":0,"comment_status":"closed","ping_status":"closed","template":"template-homepage.php","meta":{"_acf_changed":false,"footnotes":""},"class_list":["post-1729","page","type-page","status-publish","has-post-thumbnail","hentry"],"acf":[],"yoast_head":"<!-- This site is optimized with the Yoast SEO plugin v27.4 - https:\/\/yoast.com\/product\/yoast-seo-wordpress\/ -->\n<title>Financovanie s\u00fadneho sporu | Preberieme za v\u00e1s vstupn\u00e9 n\u00e1klady<\/title>\n<meta name=\"description\" content=\"Ak nechcete riskova\u0165 vlastn\u00e9 prostriedky, financovanie s\u00fadneho sporu je ide\u00e1lne rie\u0161enie. Plat\u00edte len v pr\u00edpade \u00faspechu. Kontaktujte n\u00e1s.\" \/>\n<meta name=\"robots\" content=\"index, follow, max-snippet:-1, max-image-preview:large, max-video-preview:-1\" \/>\n<link rel=\"canonical\" href=\"https:\/\/financovanie-sudneho-sporu.sk\/en\/\" \/>\n<meta property=\"og:locale\" content=\"en_US\" \/>\n<meta property=\"og:type\" content=\"article\" \/>\n<meta property=\"og:title\" content=\"Financovanie s\u00fadneho sporu | Preberieme za v\u00e1s vstupn\u00e9 n\u00e1klady\" \/>\n<meta property=\"og:description\" content=\"Ak nechcete riskova\u0165 vlastn\u00e9 prostriedky, financovanie s\u00fadneho sporu je ide\u00e1lne rie\u0161enie. Plat\u00edte len v pr\u00edpade \u00faspechu. Kontaktujte n\u00e1s.\" \/>\n<meta property=\"og:url\" content=\"https:\/\/financovanie-sudneho-sporu.sk\/en\/\" \/>\n<meta property=\"og:site_name\" content=\"Financovanie s\u00fadneho sporu\" \/>\n<meta property=\"article:modified_time\" content=\"2026-04-24T08:55:52+00:00\" \/>\n<meta property=\"og:image\" content=\"https:\/\/financovanie-sudneho-sporu.sk\/wp-content\/uploads\/2025\/04\/slider-bg.jpg\" \/>\n\t<meta property=\"og:image:width\" content=\"1440\" \/>\n\t<meta property=\"og:image:height\" content=\"850\" \/>\n\t<meta property=\"og:image:type\" content=\"image\/jpeg\" \/>\n<meta name=\"twitter:card\" content=\"summary_large_image\" \/>\n<meta name=\"twitter:label1\" content=\"Est. reading time\" \/>\n\t<meta name=\"twitter:data1\" content=\"2 minutes\" \/>\n<script type=\"application\/ld+json\" class=\"yoast-schema-graph\">{\"@context\":\"https:\\\/\\\/schema.org\",\"@graph\":[{\"@type\":\"WebPage\",\"@id\":\"https:\\\/\\\/financovanie-sudneho-sporu.sk\\\/en\\\/\",\"url\":\"https:\\\/\\\/financovanie-sudneho-sporu.sk\\\/en\\\/\",\"name\":\"Financovanie s\u00fadneho sporu | Preberieme za v\u00e1s vstupn\u00e9 n\u00e1klady\",\"isPartOf\":{\"@id\":\"https:\\\/\\\/financovanie-sudneho-sporu.sk\\\/en\\\/#website\"},\"primaryImageOfPage\":{\"@id\":\"https:\\\/\\\/financovanie-sudneho-sporu.sk\\\/en\\\/#primaryimage\"},\"image\":{\"@id\":\"https:\\\/\\\/financovanie-sudneho-sporu.sk\\\/en\\\/#primaryimage\"},\"thumbnailUrl\":\"https:\\\/\\\/financovanie-sudneho-sporu.sk\\\/wp-content\\\/uploads\\\/2025\\\/04\\\/slider-bg.jpg\",\"datePublished\":\"2025-04-17T19:03:18+00:00\",\"dateModified\":\"2026-04-24T08:55:52+00:00\",\"description\":\"Ak nechcete riskova\u0165 vlastn\u00e9 prostriedky, financovanie s\u00fadneho sporu je ide\u00e1lne rie\u0161enie. Plat\u00edte len v pr\u00edpade \u00faspechu. Kontaktujte n\u00e1s.\",\"breadcrumb\":{\"@id\":\"https:\\\/\\\/financovanie-sudneho-sporu.sk\\\/en\\\/#breadcrumb\"},\"inLanguage\":\"en-US\",\"potentialAction\":[{\"@type\":\"ReadAction\",\"target\":[\"https:\\\/\\\/financovanie-sudneho-sporu.sk\\\/en\\\/\"]}]},{\"@type\":\"ImageObject\",\"inLanguage\":\"en-US\",\"@id\":\"https:\\\/\\\/financovanie-sudneho-sporu.sk\\\/en\\\/#primaryimage\",\"url\":\"https:\\\/\\\/financovanie-sudneho-sporu.sk\\\/wp-content\\\/uploads\\\/2025\\\/04\\\/slider-bg.jpg\",\"contentUrl\":\"https:\\\/\\\/financovanie-sudneho-sporu.sk\\\/wp-content\\\/uploads\\\/2025\\\/04\\\/slider-bg.jpg\",\"width\":1440,\"height\":850},{\"@type\":\"BreadcrumbList\",\"@id\":\"https:\\\/\\\/financovanie-sudneho-sporu.sk\\\/en\\\/#breadcrumb\",\"itemListElement\":[{\"@type\":\"ListItem\",\"position\":1,\"name\":\"Home\",\"item\":\"https:\\\/\\\/financovanie-sudneho-sporu.sk\\\/en\\\/\"},{\"@type\":\"ListItem\",\"position\":2,\"name\":\"Homepage\"}]},{\"@type\":\"WebSite\",\"@id\":\"https:\\\/\\\/financovanie-sudneho-sporu.sk\\\/en\\\/#website\",\"url\":\"https:\\\/\\\/financovanie-sudneho-sporu.sk\\\/en\\\/\",\"name\":\"Financovanie s\u00fadneho sporu\",\"description\":\"\",\"potentialAction\":[{\"@type\":\"SearchAction\",\"target\":{\"@type\":\"EntryPoint\",\"urlTemplate\":\"https:\\\/\\\/financovanie-sudneho-sporu.sk\\\/en\\\/?s={search_term_string}\"},\"query-input\":{\"@type\":\"PropertyValueSpecification\",\"valueRequired\":true,\"valueName\":\"search_term_string\"}}],\"inLanguage\":\"en-US\"}]}<\/script>\n<!-- \/ Yoast SEO plugin. -->","yoast_head_json":{"title":"Financovanie s\u00fadneho sporu | Preberieme za v\u00e1s vstupn\u00e9 n\u00e1klady","description":"Ak nechcete riskova\u0165 vlastn\u00e9 prostriedky, financovanie s\u00fadneho sporu je ide\u00e1lne rie\u0161enie. Plat\u00edte len v pr\u00edpade \u00faspechu. Kontaktujte n\u00e1s.","robots":{"index":"index","follow":"follow","max-snippet":"max-snippet:-1","max-image-preview":"max-image-preview:large","max-video-preview":"max-video-preview:-1"},"canonical":"https:\/\/financovanie-sudneho-sporu.sk\/en\/","og_locale":"en_US","og_type":"article","og_title":"Financovanie s\u00fadneho sporu | Preberieme za v\u00e1s vstupn\u00e9 n\u00e1klady","og_description":"Ak nechcete riskova\u0165 vlastn\u00e9 prostriedky, financovanie s\u00fadneho sporu je ide\u00e1lne rie\u0161enie. Plat\u00edte len v pr\u00edpade \u00faspechu. Kontaktujte n\u00e1s.","og_url":"https:\/\/financovanie-sudneho-sporu.sk\/en\/","og_site_name":"Financovanie s\u00fadneho sporu","article_modified_time":"2026-04-24T08:55:52+00:00","og_image":[{"width":1440,"height":850,"url":"https:\/\/financovanie-sudneho-sporu.sk\/wp-content\/uploads\/2025\/04\/slider-bg.jpg","type":"image\/jpeg"}],"twitter_card":"summary_large_image","twitter_misc":{"Est. reading time":"2 minutes"},"schema":{"@context":"https:\/\/schema.org","@graph":[{"@type":"WebPage","@id":"https:\/\/financovanie-sudneho-sporu.sk\/en\/","url":"https:\/\/financovanie-sudneho-sporu.sk\/en\/","name":"Financovanie s\u00fadneho sporu | Preberieme za v\u00e1s vstupn\u00e9 n\u00e1klady","isPartOf":{"@id":"https:\/\/financovanie-sudneho-sporu.sk\/en\/#website"},"primaryImageOfPage":{"@id":"https:\/\/financovanie-sudneho-sporu.sk\/en\/#primaryimage"},"image":{"@id":"https:\/\/financovanie-sudneho-sporu.sk\/en\/#primaryimage"},"thumbnailUrl":"https:\/\/financovanie-sudneho-sporu.sk\/wp-content\/uploads\/2025\/04\/slider-bg.jpg","datePublished":"2025-04-17T19:03:18+00:00","dateModified":"2026-04-24T08:55:52+00:00","description":"Ak nechcete riskova\u0165 vlastn\u00e9 prostriedky, financovanie s\u00fadneho sporu je ide\u00e1lne rie\u0161enie. Plat\u00edte len v pr\u00edpade \u00faspechu. Kontaktujte n\u00e1s.","breadcrumb":{"@id":"https:\/\/financovanie-sudneho-sporu.sk\/en\/#breadcrumb"},"inLanguage":"en-US","potentialAction":[{"@type":"ReadAction","target":["https:\/\/financovanie-sudneho-sporu.sk\/en\/"]}]},{"@type":"ImageObject","inLanguage":"en-US","@id":"https:\/\/financovanie-sudneho-sporu.sk\/en\/#primaryimage","url":"https:\/\/financovanie-sudneho-sporu.sk\/wp-content\/uploads\/2025\/04\/slider-bg.jpg","contentUrl":"https:\/\/financovanie-sudneho-sporu.sk\/wp-content\/uploads\/2025\/04\/slider-bg.jpg","width":1440,"height":850},{"@type":"BreadcrumbList","@id":"https:\/\/financovanie-sudneho-sporu.sk\/en\/#breadcrumb","itemListElement":[{"@type":"ListItem","position":1,"name":"Home","item":"https:\/\/financovanie-sudneho-sporu.sk\/en\/"},{"@type":"ListItem","position":2,"name":"Homepage"}]},{"@type":"WebSite","@id":"https:\/\/financovanie-sudneho-sporu.sk\/en\/#website","url":"https:\/\/financovanie-sudneho-sporu.sk\/en\/","name":"Financovanie s\u00fadneho sporu","description":"","potentialAction":[{"@type":"SearchAction","target":{"@type":"EntryPoint","urlTemplate":"https:\/\/financovanie-sudneho-sporu.sk\/en\/?s={search_term_string}"},"query-input":{"@type":"PropertyValueSpecification","valueRequired":true,"valueName":"search_term_string"}}],"inLanguage":"en-US"}]}},"_links":{"self":[{"href":"https:\/\/financovanie-sudneho-sporu.sk\/en\/wp-json\/wp\/v2\/pages\/1729","targetHints":{"allow":["GET"]}}],"collection":[{"href":"https:\/\/financovanie-sudneho-sporu.sk\/en\/wp-json\/wp\/v2\/pages"}],"about":[{"href":"https:\/\/financovanie-sudneho-sporu.sk\/en\/wp-json\/wp\/v2\/types\/page"}],"author":[{"embeddable":true,"href":"https:\/\/financovanie-sudneho-sporu.sk\/en\/wp-json\/wp\/v2\/users\/1"}],"replies":[{"embeddable":true,"href":"https:\/\/financovanie-sudneho-sporu.sk\/en\/wp-json\/wp\/v2\/comments?post=1729"}],"version-history":[{"count":7,"href":"https:\/\/financovanie-sudneho-sporu.sk\/en\/wp-json\/wp\/v2\/pages\/1729\/revisions"}],"predecessor-version":[{"id":1773,"href":"https:\/\/financovanie-sudneho-sporu.sk\/en\/wp-json\/wp\/v2\/pages\/1729\/revisions\/1773"}],"wp:featuredmedia":[{"embeddable":true,"href":"https:\/\/financovanie-sudneho-sporu.sk\/en\/wp-json\/wp\/v2\/media\/1727"}],"wp:attachment":[{"href":"https:\/\/financovanie-sudneho-sporu.sk\/en\/wp-json\/wp\/v2\/media?parent=1729"}],"curies":[{"name":"wp","href":"https:\/\/api.w.org\/{rel}","templated":true}]}}